{"id":194,"date":"2023-06-16T14:06:00","date_gmt":"2023-06-16T12:06:00","guid":{"rendered":"https:\/\/www.itellence.com\/?page_id=194"},"modified":"2024-10-09T12:27:44","modified_gmt":"2024-10-09T10:27:44","slug":"prozessoptimierung-und-krisenmanagement","status":"publish","type":"page","link":"https:\/\/www.itellence.com\/?page_id=194","title":{"rendered":"Kostenoptimierung und Krisenmanagement"},"content":{"rendered":"\t\t<div data-elementor-type=\"wp-page\" data-elementor-id=\"194\" class=\"elementor elementor-194\" data-elementor-post-type=\"page\">\n\t\t\t\t\t\t<section class=\"elementor-section elementor-top-section elementor-element elementor-element-448dd0f elementor-section-boxed elementor-section-height-default elementor-section-height-default\" data-id=\"448dd0f\" data-element_type=\"section\">\n\t\t\t\t\t\t<div class=\"elementor-container elementor-column-gap-default\">\n\t\t\t\t\t<div class=\"elementor-column elementor-col-100 elementor-top-column elementor-element elementor-element-50a2248\" data-id=\"50a2248\" data-element_type=\"column\">\n\t\t\t<div class=\"elementor-widget-wrap elementor-element-populated\">\n\t\t\t\t\t\t<div class=\"elementor-element elementor-element-0979a1e elementor-widget elementor-widget-spacer\" data-id=\"0979a1e\" data-element_type=\"widget\" data-widget_type=\"spacer.default\">\n\t\t\t\t<div class=\"elementor-widget-container\">\n\t\t\t\t\t\t\t<div class=\"elementor-spacer\">\n\t\t\t<div class=\"elementor-spacer-inner\"><\/div>\n\t\t<\/div>\n\t\t\t\t\t\t<\/div>\n\t\t\t\t<\/div>\n\t\t\t\t<div class=\"elementor-element elementor-element-e01297b elementor-widget elementor-widget-heading\" data-id=\"e01297b\" data-element_type=\"widget\" data-widget_type=\"heading.default\">\n\t\t\t\t<div class=\"elementor-widget-container\">\n\t\t\t\t\t<h2 class=\"elementor-heading-title elementor-size-default\">Kostenoptimierung<\/h2>\t\t\t\t<\/div>\n\t\t\t\t<\/div>\n\t\t\t\t<div class=\"elementor-element elementor-element-5664ebc elementor-widget elementor-widget-text-editor\" data-id=\"5664ebc\" data-element_type=\"widget\" data-widget_type=\"text-editor.default\">\n\t\t\t\t<div class=\"elementor-widget-container\">\n\t\t\t\t\t\t\t\t\t<p>Wir verbessern gemeinsam mit Ihnen Kostenstrukturen und Gesch\u00e4ftsprozesse innerhalb Ihres Unternehmens, um diese effizienter und effektiver zu gestalten und damit die Produktivit\u00e4t und Rentabilit\u00e4t Ihres Unternehmens zu steigern. Zusammen mit uns im Team k\u00f6nnen Kosten detailliert analysiert, \u00fcberwacht und optimiert werden.\u00a0<\/p>\t\t\t\t\t\t\t\t<\/div>\n\t\t\t\t<\/div>\n\t\t\t\t<div class=\"elementor-element elementor-element-91c6c9a elementor-icon-list--layout-traditional elementor-list-item-link-full_width elementor-widget elementor-widget-icon-list\" data-id=\"91c6c9a\" data-element_type=\"widget\" data-widget_type=\"icon-list.default\">\n\t\t\t\t<div class=\"elementor-widget-container\">\n\t\t\t\t\t\t\t<ul class=\"elementor-icon-list-items\">\n\t\t\t\t\t\t\t<li class=\"elementor-icon-list-item\">\n\t\t\t\t\t\t\t\t\t\t\t<span class=\"elementor-icon-list-icon\">\n\t\t\t\t\t\t\t<i aria-hidden=\"true\" class=\"fas fa-check\"><\/i>\t\t\t\t\t\t<\/span>\n\t\t\t\t\t\t\t\t\t\t<span class=\"elementor-icon-list-text\">Erh\u00f6hung der Effizienz<\/span>\n\t\t\t\t\t\t\t\t\t<\/li>\n\t\t\t\t\t\t\t\t<li class=\"elementor-icon-list-item\">\n\t\t\t\t\t\t\t\t\t\t\t<span class=\"elementor-icon-list-icon\">\n\t\t\t\t\t\t\t<i aria-hidden=\"true\" class=\"fas fa-check\"><\/i>\t\t\t\t\t\t<\/span>\n\t\t\t\t\t\t\t\t\t\t<span class=\"elementor-icon-list-text\">Steigerung der Produktivit\u00e4t<\/span>\n\t\t\t\t\t\t\t\t\t<\/li>\n\t\t\t\t\t\t\t\t<li class=\"elementor-icon-list-item\">\n\t\t\t\t\t\t\t\t\t\t\t<span class=\"elementor-icon-list-icon\">\n\t\t\t\t\t\t\t<i aria-hidden=\"true\" class=\"fas fa-check\"><\/i>\t\t\t\t\t\t<\/span>\n\t\t\t\t\t\t\t\t\t\t<span class=\"elementor-icon-list-text\">Reduzierung der Kosten<\/span>\n\t\t\t\t\t\t\t\t\t<\/li>\n\t\t\t\t\t\t\t\t<li class=\"elementor-icon-list-item\">\n\t\t\t\t\t\t\t\t\t\t\t<span class=\"elementor-icon-list-icon\">\n\t\t\t\t\t\t\t<i aria-hidden=\"true\" class=\"fas fa-check\"><\/i>\t\t\t\t\t\t<\/span>\n\t\t\t\t\t\t\t\t\t\t<span class=\"elementor-icon-list-text\">Verbesserung der Qualit\u00e4t<\/span>\n\t\t\t\t\t\t\t\t\t<\/li>\n\t\t\t\t\t\t\t\t<li class=\"elementor-icon-list-item\">\n\t\t\t\t\t\t\t\t\t\t\t<span class=\"elementor-icon-list-icon\">\n\t\t\t\t\t\t\t<i aria-hidden=\"true\" class=\"fas fa-check\"><\/i>\t\t\t\t\t\t<\/span>\n\t\t\t\t\t\t\t\t\t\t<span class=\"elementor-icon-list-text\">Zufriedenheit der Kunden<\/span>\n\t\t\t\t\t\t\t\t\t<\/li>\n\t\t\t\t\t\t<\/ul>\n\t\t\t\t\t\t<\/div>\n\t\t\t\t<\/div>\n\t\t\t\t<div class=\"elementor-element elementor-element-75930eb elementor-widget elementor-widget-spacer\" data-id=\"75930eb\" data-element_type=\"widget\" data-widget_type=\"spacer.default\">\n\t\t\t\t<div class=\"elementor-widget-container\">\n\t\t\t\t\t\t\t<div class=\"elementor-spacer\">\n\t\t\t<div class=\"elementor-spacer-inner\"><\/div>\n\t\t<\/div>\n\t\t\t\t\t\t<\/div>\n\t\t\t\t<\/div>\n\t\t\t\t\t<\/div>\n\t\t<\/div>\n\t\t\t\t\t<\/div>\n\t\t<\/section>\n\t\t\t\t<section class=\"elementor-section elementor-top-section elementor-element elementor-element-1482432 elementor-section-boxed elementor-section-height-default elementor-section-height-default\" data-id=\"1482432\" data-element_type=\"section\">\n\t\t\t\t\t\t<div class=\"elementor-container elementor-column-gap-default\">\n\t\t\t\t\t<div class=\"elementor-column elementor-col-50 elementor-top-column elementor-element elementor-element-30c690d\" data-id=\"30c690d\" data-element_type=\"column\">\n\t\t\t<div class=\"elementor-widget-wrap elementor-element-populated\">\n\t\t\t\t\t\t<div class=\"elementor-element elementor-element-2573440 elementor-widget elementor-widget-heading\" data-id=\"2573440\" data-element_type=\"widget\" data-widget_type=\"heading.default\">\n\t\t\t\t<div class=\"elementor-widget-container\">\n\t\t\t\t\t<h2 class=\"elementor-heading-title elementor-size-default\">Krisenmanagement<\/h2>\t\t\t\t<\/div>\n\t\t\t\t<\/div>\n\t\t\t\t<div class=\"elementor-element elementor-element-f476e65 elementor-widget elementor-widget-text-editor\" data-id=\"f476e65\" data-element_type=\"widget\" data-widget_type=\"text-editor.default\">\n\t\t\t\t<div class=\"elementor-widget-container\">\n\t\t\t\t\t\t\t\t\t<p>Wir helfen Ihnen in kritischen Situationen. Erkennen Sie Fehler und Optimierungspotentiale auf einen Blick. Gemeinsam mit Ihnen erstellen wir L\u00f6sungskonzepte und gestalten Fehlerbehbungen und Verbesserungen. Steigern Sie Ihre Qualit\u00e4t und Produktivit\u00e4t.\u00a0<\/p>\t\t\t\t\t\t\t\t<\/div>\n\t\t\t\t<\/div>\n\t\t\t\t<div class=\"elementor-element elementor-element-55c83f1 elementor-icon-list--layout-traditional elementor-list-item-link-full_width elementor-widget elementor-widget-icon-list\" data-id=\"55c83f1\" data-element_type=\"widget\" data-widget_type=\"icon-list.default\">\n\t\t\t\t<div class=\"elementor-widget-container\">\n\t\t\t\t\t\t\t<ul class=\"elementor-icon-list-items\">\n\t\t\t\t\t\t\t<li class=\"elementor-icon-list-item\">\n\t\t\t\t\t\t\t\t\t\t\t<span class=\"elementor-icon-list-icon\">\n\t\t\t\t\t\t\t<i aria-hidden=\"true\" class=\"fas fa-check\"><\/i>\t\t\t\t\t\t<\/span>\n\t\t\t\t\t\t\t\t\t\t<span class=\"elementor-icon-list-text\">Neutraler externer Dienstleister<\/span>\n\t\t\t\t\t\t\t\t\t<\/li>\n\t\t\t\t\t\t\t\t<li class=\"elementor-icon-list-item\">\n\t\t\t\t\t\t\t\t\t\t\t<span class=\"elementor-icon-list-icon\">\n\t\t\t\t\t\t\t<i aria-hidden=\"true\" class=\"fas fa-check\"><\/i>\t\t\t\t\t\t<\/span>\n\t\t\t\t\t\t\t\t\t\t<span class=\"elementor-icon-list-text\">Erfahrung im Krisen- und Eskalationsmanagement<\/span>\n\t\t\t\t\t\t\t\t\t<\/li>\n\t\t\t\t\t\t\t\t<li class=\"elementor-icon-list-item\">\n\t\t\t\t\t\t\t\t\t\t\t<span class=\"elementor-icon-list-icon\">\n\t\t\t\t\t\t\t<i aria-hidden=\"true\" class=\"fas fa-check\"><\/i>\t\t\t\t\t\t<\/span>\n\t\t\t\t\t\t\t\t\t\t<span class=\"elementor-icon-list-text\">Einsatz professioneller Methoden<\/span>\n\t\t\t\t\t\t\t\t\t<\/li>\n\t\t\t\t\t\t\t\t<li class=\"elementor-icon-list-item\">\n\t\t\t\t\t\t\t\t\t\t\t<span class=\"elementor-icon-list-icon\">\n\t\t\t\t\t\t\t<i aria-hidden=\"true\" class=\"fas fa-check\"><\/i>\t\t\t\t\t\t<\/span>\n\t\t\t\t\t\t\t\t\t\t<span class=\"elementor-icon-list-text\">Erfahrene Experten<\/span>\n\t\t\t\t\t\t\t\t\t<\/li>\n\t\t\t\t\t\t<\/ul>\n\t\t\t\t\t\t<\/div>\n\t\t\t\t<\/div>\n\t\t\t\t\t<\/div>\n\t\t<\/div>\n\t\t\t\t<div class=\"elementor-column elementor-col-50 elementor-top-column elementor-element elementor-element-957b41e\" data-id=\"957b41e\" data-element_type=\"column\">\n\t\t\t<div class=\"elementor-widget-wrap elementor-element-populated\">\n\t\t\t\t\t\t<div class=\"elementor-element elementor-element-2d12982 elementor-widget elementor-widget-image\" data-id=\"2d12982\" data-element_type=\"widget\" data-widget_type=\"image.default\">\n\t\t\t\t<div class=\"elementor-widget-container\">\n\t\t\t\t\t\t\t\t\t\t\t\t\t\t\t<img fetchpriority=\"high\" decoding=\"async\" width=\"700\" height=\"526\" src=\"https:\/\/www.itellence.com\/wp-content\/uploads\/2023\/06\/Dominosteine.png\" class=\"attachment-large size-large wp-image-195\" alt=\"\" srcset=\"https:\/\/www.itellence.com\/wp-content\/uploads\/2023\/06\/Dominosteine.png 700w, https:\/\/www.itellence.com\/wp-content\/uploads\/2023\/06\/Dominosteine-300x225.png 300w\" sizes=\"(max-width: 700px) 100vw, 700px\" \/>\t\t\t\t\t\t\t\t\t\t\t\t\t\t\t<\/div>\n\t\t\t\t<\/div>\n\t\t\t\t\t<\/div>\n\t\t<\/div>\n\t\t\t\t\t<\/div>\n\t\t<\/section>\n\t\t\t\t<section class=\"elementor-section elementor-top-section elementor-element elementor-element-af3651b elementor-section-boxed elementor-section-height-default elementor-section-height-default\" data-id=\"af3651b\" data-element_type=\"section\">\n\t\t\t\t\t\t<div class=\"elementor-container elementor-column-gap-default\">\n\t\t\t\t\t<div class=\"elementor-column elementor-col-100 elementor-top-column elementor-element elementor-element-4aa5482\" data-id=\"4aa5482\" data-element_type=\"column\">\n\t\t\t<div class=\"elementor-widget-wrap elementor-element-populated\">\n\t\t\t\t\t\t<div class=\"elementor-element elementor-element-f703ec7 elementor-widget elementor-widget-spacer\" data-id=\"f703ec7\" data-element_type=\"widget\" data-widget_type=\"spacer.default\">\n\t\t\t\t<div class=\"elementor-widget-container\">\n\t\t\t\t\t\t\t<div class=\"elementor-spacer\">\n\t\t\t<div class=\"elementor-spacer-inner\"><\/div>\n\t\t<\/div>\n\t\t\t\t\t\t<\/div>\n\t\t\t\t<\/div>\n\t\t\t\t\t<\/div>\n\t\t<\/div>\n\t\t\t\t\t<\/div>\n\t\t<\/section>\n\t\t\t\t<\/div>\n\t\t","protected":false},"excerpt":{"rendered":"<p>Kostenoptimierung Wir verbessern gemeinsam mit Ihnen Kostenstrukturen und Gesch\u00e4ftsprozesse innerhalb Ihres Unternehmens, um diese effizienter und effektiver zu gestalten und damit die Produktivit\u00e4t und Rentabilit\u00e4t Ihres Unternehmens zu steigern. Zusammen mit uns im Team k\u00f6nnen Kosten detailliert analysiert, \u00fcberwacht und optimiert werden.\u00a0 Erh\u00f6hung der Effizienz Steigerung der Produktivit\u00e4t Reduzierung der Kosten Verbesserung der Qualit\u00e4t Zufriedenheit &hellip;<\/p>\n<p class=\"read-more\"> <a class=\"\" href=\"https:\/\/www.itellence.com\/?page_id=194\"> <span class=\"screen-reader-text\">Kostenoptimierung und Krisenmanagement<\/span> Weiterlesen &raquo;<\/a><\/p>\n","protected":false},"author":1,"featured_media":0,"parent":0,"menu_order":0,"comment_status":"closed","ping_status":"closed","template":"","meta":{"site-sidebar-layout":"no-sidebar","site-content-layout":"page-builder","ast-site-content-layout":"full-width-container","site-content-style":"unboxed","site-sidebar-style":"unboxed","ast-global-header-display":"","ast-banner-title-visibility":"","ast-main-header-display":"","ast-hfb-above-header-display":"","ast-hfb-below-header-display":"","ast-hfb-mobile-header-display":"","site-post-title":"disabled","ast-breadcrumbs-content":"","ast-featured-img":"disabled","footer-sml-layout":"","theme-transparent-header-meta":"","adv-header-id-meta":"","stick-header-meta":"","header-above-stick-meta":"","header-main-stick-meta":"","header-below-stick-meta":"","astra-migrate-meta-layouts":"set","footnotes":""},"class_list":["post-194","page","type-page","status-publish","hentry"],"yoast_head":"<!-- This site is optimized with the Yoast SEO plugin v24.9 - https:\/\/yoast.com\/wordpress\/plugins\/seo\/ -->\n<title>Kostenoptimierung und Krisenmanagement - ITellence GmbH<\/title>\n<meta name=\"robots\" content=\"index, follow, max-snippet:-1, max-image-preview:large, max-video-preview:-1\" \/>\n<link rel=\"canonical\" href=\"https:\/\/www.itellence.com\/?page_id=194\" \/>\n<meta property=\"og:locale\" content=\"de_DE\" \/>\n<meta property=\"og:type\" content=\"article\" \/>\n<meta property=\"og:title\" content=\"Kostenoptimierung und Krisenmanagement - ITellence GmbH\" \/>\n<meta property=\"og:description\" content=\"Kostenoptimierung Wir verbessern gemeinsam mit Ihnen Kostenstrukturen und Gesch\u00e4ftsprozesse innerhalb Ihres Unternehmens, um diese effizienter und effektiver zu gestalten und damit die Produktivit\u00e4t und Rentabilit\u00e4t Ihres Unternehmens zu steigern. Zusammen mit uns im Team k\u00f6nnen Kosten detailliert analysiert, \u00fcberwacht und optimiert werden.\u00a0 Erh\u00f6hung der Effizienz Steigerung der Produktivit\u00e4t Reduzierung der Kosten Verbesserung der Qualit\u00e4t Zufriedenheit &hellip; Kostenoptimierung und Krisenmanagement Weiterlesen &raquo;\" \/>\n<meta property=\"og:url\" content=\"https:\/\/www.itellence.com\/?page_id=194\" \/>\n<meta property=\"og:site_name\" content=\"ITellence GmbH\" \/>\n<meta property=\"article:modified_time\" content=\"2024-10-09T10:27:44+00:00\" \/>\n<meta property=\"og:image\" content=\"https:\/\/www.itellence.com\/wp-content\/uploads\/2023\/06\/Dominosteine.png\" \/>\n<meta name=\"twitter:card\" content=\"summary_large_image\" \/>\n<meta name=\"twitter:label1\" content=\"Gesch\u00e4tzte Lesezeit\" \/>\n\t<meta name=\"twitter:data1\" content=\"1\u00a0Minute\" \/>\n<script type=\"application\/ld+json\" class=\"yoast-schema-graph\">{\"@context\":\"https:\/\/schema.org\",\"@graph\":[{\"@type\":\"WebPage\",\"@id\":\"https:\/\/www.itellence.com\/?page_id=194\",\"url\":\"https:\/\/www.itellence.com\/?page_id=194\",\"name\":\"Kostenoptimierung und Krisenmanagement - ITellence GmbH\",\"isPartOf\":{\"@id\":\"https:\/\/www.itellence.com\/#website\"},\"primaryImageOfPage\":{\"@id\":\"https:\/\/www.itellence.com\/?page_id=194#primaryimage\"},\"image\":{\"@id\":\"https:\/\/www.itellence.com\/?page_id=194#primaryimage\"},\"thumbnailUrl\":\"https:\/\/www.itellence.com\/wp-content\/uploads\/2023\/06\/Dominosteine.png\",\"datePublished\":\"2023-06-16T12:06:00+00:00\",\"dateModified\":\"2024-10-09T10:27:44+00:00\",\"breadcrumb\":{\"@id\":\"https:\/\/www.itellence.com\/?page_id=194#breadcrumb\"},\"inLanguage\":\"de\",\"potentialAction\":[{\"@type\":\"ReadAction\",\"target\":[\"https:\/\/www.itellence.com\/?page_id=194\"]}]},{\"@type\":\"ImageObject\",\"inLanguage\":\"de\",\"@id\":\"https:\/\/www.itellence.com\/?page_id=194#primaryimage\",\"url\":\"https:\/\/www.itellence.com\/wp-content\/uploads\/2023\/06\/Dominosteine.png\",\"contentUrl\":\"https:\/\/www.itellence.com\/wp-content\/uploads\/2023\/06\/Dominosteine.png\",\"width\":700,\"height\":526},{\"@type\":\"BreadcrumbList\",\"@id\":\"https:\/\/www.itellence.com\/?page_id=194#breadcrumb\",\"itemListElement\":[{\"@type\":\"ListItem\",\"position\":1,\"name\":\"Startseite\",\"item\":\"https:\/\/www.itellence.com\/\"},{\"@type\":\"ListItem\",\"position\":2,\"name\":\"Kostenoptimierung und Krisenmanagement\"}]},{\"@type\":\"WebSite\",\"@id\":\"https:\/\/www.itellence.com\/#website\",\"url\":\"https:\/\/www.itellence.com\/\",\"name\":\"ITellence GmbH\",\"description\":\"\",\"publisher\":{\"@id\":\"https:\/\/www.itellence.com\/#organization\"},\"potentialAction\":[{\"@type\":\"SearchAction\",\"target\":{\"@type\":\"EntryPoint\",\"urlTemplate\":\"https:\/\/www.itellence.com\/?s={search_term_string}\"},\"query-input\":{\"@type\":\"PropertyValueSpecification\",\"valueRequired\":true,\"valueName\":\"search_term_string\"}}],\"inLanguage\":\"de\"},{\"@type\":\"Organization\",\"@id\":\"https:\/\/www.itellence.com\/#organization\",\"name\":\"ITellence GmbH\",\"url\":\"https:\/\/www.itellence.com\/\",\"logo\":{\"@type\":\"ImageObject\",\"inLanguage\":\"de\",\"@id\":\"https:\/\/www.itellence.com\/#\/schema\/logo\/image\/\",\"url\":\"https:\/\/www.itellence.com\/wp-content\/uploads\/2023\/06\/cropped-cropped-Logo-2019_transparent-2.png\",\"contentUrl\":\"https:\/\/www.itellence.com\/wp-content\/uploads\/2023\/06\/cropped-cropped-Logo-2019_transparent-2.png\",\"width\":2297,\"height\":2157,\"caption\":\"ITellence GmbH\"},\"image\":{\"@id\":\"https:\/\/www.itellence.com\/#\/schema\/logo\/image\/\"}}]}<\/script>\n<!-- \/ Yoast SEO plugin. -->","yoast_head_json":{"title":"Kostenoptimierung und Krisenmanagement - ITellence GmbH","robots":{"index":"index","follow":"follow","max-snippet":"max-snippet:-1","max-image-preview":"max-image-preview:large","max-video-preview":"max-video-preview:-1"},"canonical":"https:\/\/www.itellence.com\/?page_id=194","og_locale":"de_DE","og_type":"article","og_title":"Kostenoptimierung und Krisenmanagement - ITellence GmbH","og_description":"Kostenoptimierung Wir verbessern gemeinsam mit Ihnen Kostenstrukturen und Gesch\u00e4ftsprozesse innerhalb Ihres Unternehmens, um diese effizienter und effektiver zu gestalten und damit die Produktivit\u00e4t und Rentabilit\u00e4t Ihres Unternehmens zu steigern. Zusammen mit uns im Team k\u00f6nnen Kosten detailliert analysiert, \u00fcberwacht und optimiert werden.\u00a0 Erh\u00f6hung der Effizienz Steigerung der Produktivit\u00e4t Reduzierung der Kosten Verbesserung der Qualit\u00e4t Zufriedenheit &hellip; Kostenoptimierung und Krisenmanagement Weiterlesen &raquo;","og_url":"https:\/\/www.itellence.com\/?page_id=194","og_site_name":"ITellence GmbH","article_modified_time":"2024-10-09T10:27:44+00:00","og_image":[{"url":"https:\/\/www.itellence.com\/wp-content\/uploads\/2023\/06\/Dominosteine.png","type":"","width":"","height":""}],"twitter_card":"summary_large_image","twitter_misc":{"Gesch\u00e4tzte Lesezeit":"1\u00a0Minute"},"schema":{"@context":"https:\/\/schema.org","@graph":[{"@type":"WebPage","@id":"https:\/\/www.itellence.com\/?page_id=194","url":"https:\/\/www.itellence.com\/?page_id=194","name":"Kostenoptimierung und Krisenmanagement - ITellence GmbH","isPartOf":{"@id":"https:\/\/www.itellence.com\/#website"},"primaryImageOfPage":{"@id":"https:\/\/www.itellence.com\/?page_id=194#primaryimage"},"image":{"@id":"https:\/\/www.itellence.com\/?page_id=194#primaryimage"},"thumbnailUrl":"https:\/\/www.itellence.com\/wp-content\/uploads\/2023\/06\/Dominosteine.png","datePublished":"2023-06-16T12:06:00+00:00","dateModified":"2024-10-09T10:27:44+00:00","breadcrumb":{"@id":"https:\/\/www.itellence.com\/?page_id=194#breadcrumb"},"inLanguage":"de","potentialAction":[{"@type":"ReadAction","target":["https:\/\/www.itellence.com\/?page_id=194"]}]},{"@type":"ImageObject","inLanguage":"de","@id":"https:\/\/www.itellence.com\/?page_id=194#primaryimage","url":"https:\/\/www.itellence.com\/wp-content\/uploads\/2023\/06\/Dominosteine.png","contentUrl":"https:\/\/www.itellence.com\/wp-content\/uploads\/2023\/06\/Dominosteine.png","width":700,"height":526},{"@type":"BreadcrumbList","@id":"https:\/\/www.itellence.com\/?page_id=194#breadcrumb","itemListElement":[{"@type":"ListItem","position":1,"name":"Startseite","item":"https:\/\/www.itellence.com\/"},{"@type":"ListItem","position":2,"name":"Kostenoptimierung und Krisenmanagement"}]},{"@type":"WebSite","@id":"https:\/\/www.itellence.com\/#website","url":"https:\/\/www.itellence.com\/","name":"ITellence GmbH","description":"","publisher":{"@id":"https:\/\/www.itellence.com\/#organization"},"potentialAction":[{"@type":"SearchAction","target":{"@type":"EntryPoint","urlTemplate":"https:\/\/www.itellence.com\/?s={search_term_string}"},"query-input":{"@type":"PropertyValueSpecification","valueRequired":true,"valueName":"search_term_string"}}],"inLanguage":"de"},{"@type":"Organization","@id":"https:\/\/www.itellence.com\/#organization","name":"ITellence GmbH","url":"https:\/\/www.itellence.com\/","logo":{"@type":"ImageObject","inLanguage":"de","@id":"https:\/\/www.itellence.com\/#\/schema\/logo\/image\/","url":"https:\/\/www.itellence.com\/wp-content\/uploads\/2023\/06\/cropped-cropped-Logo-2019_transparent-2.png","contentUrl":"https:\/\/www.itellence.com\/wp-content\/uploads\/2023\/06\/cropped-cropped-Logo-2019_transparent-2.png","width":2297,"height":2157,"caption":"ITellence GmbH"},"image":{"@id":"https:\/\/www.itellence.com\/#\/schema\/logo\/image\/"}}]}},"_links":{"self":[{"href":"https:\/\/www.itellence.com\/index.php?rest_route=\/wp\/v2\/pages\/194","targetHints":{"allow":["GET"]}}],"collection":[{"href":"https:\/\/www.itellence.com\/index.php?rest_route=\/wp\/v2\/pages"}],"about":[{"href":"https:\/\/www.itellence.com\/index.php?rest_route=\/wp\/v2\/types\/page"}],"author":[{"embeddable":true,"href":"https:\/\/www.itellence.com\/index.php?rest_route=\/wp\/v2\/users\/1"}],"replies":[{"embeddable":true,"href":"https:\/\/www.itellence.com\/index.php?rest_route=%2Fwp%2Fv2%2Fcomments&post=194"}],"version-history":[{"count":26,"href":"https:\/\/www.itellence.com\/index.php?rest_route=\/wp\/v2\/pages\/194\/revisions"}],"predecessor-version":[{"id":424,"href":"https:\/\/www.itellence.com\/index.php?rest_route=\/wp\/v2\/pages\/194\/revisions\/424"}],"wp:attachment":[{"href":"https:\/\/www.itellence.com\/index.php?rest_route=%2Fwp%2Fv2%2Fmedia&parent=194"}],"curies":[{"name":"wp","href":"https:\/\/api.w.org\/{rel}","templated":true}]}}