{"id":530,"date":"2025-09-26T11:37:35","date_gmt":"2025-09-26T09:37:35","guid":{"rendered":"https:\/\/www.itellence.com\/?page_id=530"},"modified":"2026-01-22T11:11:02","modified_gmt":"2026-01-22T10:11:02","slug":"home-2","status":"publish","type":"page","link":"https:\/\/www.itellence.com\/","title":{"rendered":"Home"},"content":{"rendered":"\t\t<div data-elementor-type=\"wp-page\" data-elementor-id=\"530\" class=\"elementor elementor-530\" data-elementor-post-type=\"page\">\n\t\t\t\t\t\t<section class=\"elementor-section elementor-top-section elementor-element elementor-element-187f0c9 elementor-section-boxed elementor-section-height-default elementor-section-height-default\" data-id=\"187f0c9\" data-element_type=\"section\">\n\t\t\t\t\t\t<div class=\"elementor-container elementor-column-gap-default\">\n\t\t\t\t\t<div class=\"elementor-column elementor-col-100 elementor-top-column elementor-element elementor-element-6c068e1\" data-id=\"6c068e1\" data-element_type=\"column\">\n\t\t\t<div class=\"elementor-widget-wrap elementor-element-populated\">\n\t\t\t\t\t\t<div class=\"elementor-element elementor-element-3cbc5f4 elementor-widget elementor-widget-heading\" data-id=\"3cbc5f4\" data-element_type=\"widget\" data-widget_type=\"heading.default\">\n\t\t\t\t<div class=\"elementor-widget-container\">\n\t\t\t\t\t<h2 class=\"elementor-heading-title elementor-size-default\">Wir bieten Services f\u00fcr Ihre Effizienz<\/h2>\t\t\t\t<\/div>\n\t\t\t\t<\/div>\n\t\t\t\t<div class=\"elementor-element elementor-element-1ed018f elementor-widget elementor-widget-image\" data-id=\"1ed018f\" data-element_type=\"widget\" data-widget_type=\"image.default\">\n\t\t\t\t<div class=\"elementor-widget-container\">\n\t\t\t\t\t\t\t\t\t\t\t\t\t\t\t<img fetchpriority=\"high\" decoding=\"async\" width=\"1024\" height=\"585\" src=\"https:\/\/www.itellence.com\/wp-content\/uploads\/2026\/01\/Homepage-Start-1024x585.png\" class=\"attachment-large size-large wp-image-645\" alt=\"\" srcset=\"https:\/\/www.itellence.com\/wp-content\/uploads\/2026\/01\/Homepage-Start-1024x585.png 1024w, https:\/\/www.itellence.com\/wp-content\/uploads\/2026\/01\/Homepage-Start-300x171.png 300w, https:\/\/www.itellence.com\/wp-content\/uploads\/2026\/01\/Homepage-Start-768x439.png 768w, https:\/\/www.itellence.com\/wp-content\/uploads\/2026\/01\/Homepage-Start.png 1344w\" sizes=\"(max-width: 1024px) 100vw, 1024px\" \/>\t\t\t\t\t\t\t\t\t\t\t\t\t\t\t<\/div>\n\t\t\t\t<\/div>\n\t\t\t\t<div class=\"elementor-element elementor-element-6ef325d elementor-widget elementor-widget-text-editor\" data-id=\"6ef325d\" data-element_type=\"widget\" data-widget_type=\"text-editor.default\">\n\t\t\t\t<div class=\"elementor-widget-container\">\n\t\t\t\t\t\t\t\t\t<div data-id=\"cd6bf01\" data-element_type=\"widget\" data-widget_type=\"text-editor.default\"><h4><a href=\"https:\/\/www.itellence.com\/?page_id=567&amp;preview=true\">COPS (Cost Optimization &amp; Performance Strategy)<\/a><\/h4><p>COPS ist ein spezialisierter Beratungsdienst, der\u00a0 Unternehmen hilft, versteckte Kosten zu reduzieren, Prozesse effizienter zu gestalten und die Profitabilit\u00e4t nachhaltig zu steigern ohne Einbu\u00dfen bei Qualit\u00e4t oder Mitarbeiterzufriedenheit.<\/p><p>Der Ansatz umfasst <strong>Analyse<\/strong> &amp; <strong>Diagnostik<\/strong>, <strong>Strategieentwicklung<\/strong> &amp; <strong>Ma\u00dfnahmenplanung<\/strong> sowie <strong>Implementierung<\/strong> &amp; <strong>Begleitung<\/strong> mit aktivem Change Management und Monitoring.<\/p><p>Unternehmen profitieren von messbarer Kostenreduktion, h\u00f6herer Effizienz, Wettbewerbsvorteilen und einer gest\u00e4rkten F\u00e4higkeit zur eigenst\u00e4ndigen Optimierung.<\/p><\/div><h4><a href=\"https:\/\/www.itellence.com\/?page_id=194\">Krisenmanagement<\/a><\/h4><div data-id=\"cd6bf01\" data-element_type=\"widget\" data-widget_type=\"text-editor.default\"><p>Wir unterst\u00fctzen Sie in kritischen Situationen, indem wir Fehler und Optimierungspotenziale schnell sichtbar machen.<\/p><p>Gemeinsam entwickeln wir ma\u00dfgeschneiderte L\u00f6sungskonzepte und setzen Verbesserungen sowie Fehlerbehebungen um. So <strong>steigern<\/strong> Sie nachhaltig Ihre <strong>Qualit\u00e4t<\/strong> und <strong>Produktivit\u00e4t<\/strong>.<\/p><\/div><h4><a href=\"https:\/\/www.itellence.com\/?page_id=176\">Projektmanagement<\/a><\/h4><p>Projektmanagement zielt darauf ab, Projekte <strong>erfolgreich<\/strong> im geplanten Zeitrahmen, Budget und in der geforderten Qualit\u00e4t abzuschlie\u00dfen.<\/p><p>Dazu geh\u00f6ren klare <strong>Zieldefinition<\/strong>, <strong>effiziente<\/strong> <strong>Ressourcennutzung<\/strong>, <strong>effektives Zeit-<\/strong> und <strong>Kostenmanagement<\/strong> sowie die <strong>Sicherstellung von Qualit\u00e4t<\/strong> und <strong>Risikominimierung<\/strong>.<\/p><p>Unsere erfahrene Beratung unterst\u00fctzt Sie dabei mit klassischen, agilen oder hybriden Methoden.<\/p>\t\t\t\t\t\t\t\t<\/div>\n\t\t\t\t<\/div>\n\t\t\t\t\t<\/div>\n\t\t<\/div>\n\t\t\t\t\t<\/div>\n\t\t<\/section>\n\t\t\t\t<section class=\"elementor-section elementor-top-section elementor-element elementor-element-0caca94 elementor-section-boxed elementor-section-height-default elementor-section-height-default\" data-id=\"0caca94\" data-element_type=\"section\">\n\t\t\t\t\t\t<div class=\"elementor-container elementor-column-gap-default\">\n\t\t\t\t\t<div class=\"elementor-column elementor-col-100 elementor-top-column elementor-element elementor-element-ff25d05\" data-id=\"ff25d05\" data-element_type=\"column\">\n\t\t\t<div class=\"elementor-widget-wrap\">\n\t\t\t\t\t\t\t<\/div>\n\t\t<\/div>\n\t\t\t\t\t<\/div>\n\t\t<\/section>\n\t\t\t\t<\/div>\n\t\t","protected":false},"excerpt":{"rendered":"<p>Wir bieten Services f\u00fcr Ihre Effizienz COPS (Cost Optimization &amp; Performance Strategy) COPS ist ein spezialisierter Beratungsdienst, der\u00a0 Unternehmen hilft, versteckte Kosten zu reduzieren, Prozesse effizienter zu gestalten und die Profitabilit\u00e4t nachhaltig zu steigern ohne Einbu\u00dfen bei Qualit\u00e4t oder Mitarbeiterzufriedenheit. Der Ansatz umfasst Analyse &amp; Diagnostik, Strategieentwicklung &amp; Ma\u00dfnahmenplanung sowie Implementierung &amp; Begleitung mit aktivem &hellip;<\/p>\n<p class=\"read-more\"> <a class=\"\" href=\"https:\/\/www.itellence.com\/\"> <span class=\"screen-reader-text\">Home<\/span> Weiterlesen &raquo;<\/a><\/p>\n","protected":false},"author":1,"featured_media":0,"parent":0,"menu_order":0,"comment_status":"closed","ping_status":"closed","template":"","meta":{"site-sidebar-layout":"no-sidebar","site-content-layout":"page-builder","ast-site-content-layout":"full-width-container","site-content-style":"unboxed","site-sidebar-style":"unboxed","ast-global-header-display":"","ast-banner-title-visibility":"","ast-main-header-display":"","ast-hfb-above-header-display":"","ast-hfb-below-header-display":"","ast-hfb-mobile-header-display":"","site-post-title":"disabled","ast-breadcrumbs-content":"","ast-featured-img":"disabled","footer-sml-layout":"","theme-transparent-header-meta":"","adv-header-id-meta":"","stick-header-meta":"","header-above-stick-meta":"","header-main-stick-meta":"","header-below-stick-meta":"","astra-migrate-meta-layouts":"set","footnotes":""},"class_list":["post-530","page","type-page","status-publish","hentry"],"yoast_head":"<!-- This site is optimized with the Yoast SEO plugin v24.9 - https:\/\/yoast.com\/wordpress\/plugins\/seo\/ -->\n<title>Home - ITellence GmbH<\/title>\n<meta name=\"robots\" content=\"index, follow, max-snippet:-1, max-image-preview:large, max-video-preview:-1\" \/>\n<link rel=\"canonical\" href=\"https:\/\/www.itellence.com\/\" \/>\n<meta property=\"og:locale\" content=\"de_DE\" \/>\n<meta property=\"og:type\" content=\"article\" \/>\n<meta property=\"og:title\" content=\"Home - ITellence GmbH\" \/>\n<meta property=\"og:description\" content=\"Wir bieten Services f\u00fcr Ihre Effizienz COPS (Cost Optimization &amp; Performance Strategy) COPS ist ein spezialisierter Beratungsdienst, der\u00a0 Unternehmen hilft, versteckte Kosten zu reduzieren, Prozesse effizienter zu gestalten und die Profitabilit\u00e4t nachhaltig zu steigern ohne Einbu\u00dfen bei Qualit\u00e4t oder Mitarbeiterzufriedenheit. Der Ansatz umfasst Analyse &amp; Diagnostik, Strategieentwicklung &amp; Ma\u00dfnahmenplanung sowie Implementierung &amp; Begleitung mit aktivem &hellip; Home Weiterlesen &raquo;\" \/>\n<meta property=\"og:url\" content=\"https:\/\/www.itellence.com\/\" \/>\n<meta property=\"og:site_name\" content=\"ITellence GmbH\" \/>\n<meta property=\"article:modified_time\" content=\"2026-01-22T10:11:02+00:00\" \/>\n<meta property=\"og:image\" content=\"https:\/\/www.itellence.com\/wp-content\/uploads\/2026\/01\/Homepage-Start.png\" \/>\n\t<meta property=\"og:image:width\" content=\"1344\" \/>\n\t<meta property=\"og:image:height\" content=\"768\" \/>\n\t<meta property=\"og:image:type\" content=\"image\/png\" \/>\n<meta name=\"twitter:card\" content=\"summary_large_image\" \/>\n<meta name=\"twitter:label1\" content=\"Gesch\u00e4tzte Lesezeit\" \/>\n\t<meta name=\"twitter:data1\" content=\"2\u00a0Minuten\" \/>\n<script type=\"application\/ld+json\" class=\"yoast-schema-graph\">{\"@context\":\"https:\/\/schema.org\",\"@graph\":[{\"@type\":\"WebPage\",\"@id\":\"https:\/\/www.itellence.com\/\",\"url\":\"https:\/\/www.itellence.com\/\",\"name\":\"Home - ITellence GmbH\",\"isPartOf\":{\"@id\":\"https:\/\/www.itellence.com\/#website\"},\"primaryImageOfPage\":{\"@id\":\"https:\/\/www.itellence.com\/#primaryimage\"},\"image\":{\"@id\":\"https:\/\/www.itellence.com\/#primaryimage\"},\"thumbnailUrl\":\"https:\/\/www.itellence.com\/wp-content\/uploads\/2026\/01\/Homepage-Start-1024x585.png\",\"datePublished\":\"2025-09-26T09:37:35+00:00\",\"dateModified\":\"2026-01-22T10:11:02+00:00\",\"breadcrumb\":{\"@id\":\"https:\/\/www.itellence.com\/#breadcrumb\"},\"inLanguage\":\"de\",\"potentialAction\":[{\"@type\":\"ReadAction\",\"target\":[\"https:\/\/www.itellence.com\/\"]}]},{\"@type\":\"ImageObject\",\"inLanguage\":\"de\",\"@id\":\"https:\/\/www.itellence.com\/#primaryimage\",\"url\":\"https:\/\/www.itellence.com\/wp-content\/uploads\/2026\/01\/Homepage-Start.png\",\"contentUrl\":\"https:\/\/www.itellence.com\/wp-content\/uploads\/2026\/01\/Homepage-Start.png\",\"width\":1344,\"height\":768},{\"@type\":\"BreadcrumbList\",\"@id\":\"https:\/\/www.itellence.com\/#breadcrumb\",\"itemListElement\":[{\"@type\":\"ListItem\",\"position\":1,\"name\":\"Startseite\",\"item\":\"https:\/\/www.itellence.com\/\"},{\"@type\":\"ListItem\",\"position\":2,\"name\":\"Home\"}]},{\"@type\":\"WebSite\",\"@id\":\"https:\/\/www.itellence.com\/#website\",\"url\":\"https:\/\/www.itellence.com\/\",\"name\":\"ITellence GmbH\",\"description\":\"\",\"publisher\":{\"@id\":\"https:\/\/www.itellence.com\/#organization\"},\"potentialAction\":[{\"@type\":\"SearchAction\",\"target\":{\"@type\":\"EntryPoint\",\"urlTemplate\":\"https:\/\/www.itellence.com\/?s={search_term_string}\"},\"query-input\":{\"@type\":\"PropertyValueSpecification\",\"valueRequired\":true,\"valueName\":\"search_term_string\"}}],\"inLanguage\":\"de\"},{\"@type\":\"Organization\",\"@id\":\"https:\/\/www.itellence.com\/#organization\",\"name\":\"ITellence GmbH\",\"url\":\"https:\/\/www.itellence.com\/\",\"logo\":{\"@type\":\"ImageObject\",\"inLanguage\":\"de\",\"@id\":\"https:\/\/www.itellence.com\/#\/schema\/logo\/image\/\",\"url\":\"https:\/\/www.itellence.com\/wp-content\/uploads\/2023\/06\/cropped-cropped-Logo-2019_transparent-2.png\",\"contentUrl\":\"https:\/\/www.itellence.com\/wp-content\/uploads\/2023\/06\/cropped-cropped-Logo-2019_transparent-2.png\",\"width\":2297,\"height\":2157,\"caption\":\"ITellence GmbH\"},\"image\":{\"@id\":\"https:\/\/www.itellence.com\/#\/schema\/logo\/image\/\"}}]}<\/script>\n<!-- \/ Yoast SEO plugin. -->","yoast_head_json":{"title":"Home - ITellence GmbH","robots":{"index":"index","follow":"follow","max-snippet":"max-snippet:-1","max-image-preview":"max-image-preview:large","max-video-preview":"max-video-preview:-1"},"canonical":"https:\/\/www.itellence.com\/","og_locale":"de_DE","og_type":"article","og_title":"Home - ITellence GmbH","og_description":"Wir bieten Services f\u00fcr Ihre Effizienz COPS (Cost Optimization &amp; Performance Strategy) COPS ist ein spezialisierter Beratungsdienst, der\u00a0 Unternehmen hilft, versteckte Kosten zu reduzieren, Prozesse effizienter zu gestalten und die Profitabilit\u00e4t nachhaltig zu steigern ohne Einbu\u00dfen bei Qualit\u00e4t oder Mitarbeiterzufriedenheit. Der Ansatz umfasst Analyse &amp; Diagnostik, Strategieentwicklung &amp; Ma\u00dfnahmenplanung sowie Implementierung &amp; Begleitung mit aktivem &hellip; Home Weiterlesen &raquo;","og_url":"https:\/\/www.itellence.com\/","og_site_name":"ITellence GmbH","article_modified_time":"2026-01-22T10:11:02+00:00","og_image":[{"width":1344,"height":768,"url":"https:\/\/www.itellence.com\/wp-content\/uploads\/2026\/01\/Homepage-Start.png","type":"image\/png"}],"twitter_card":"summary_large_image","twitter_misc":{"Gesch\u00e4tzte Lesezeit":"2\u00a0Minuten"},"schema":{"@context":"https:\/\/schema.org","@graph":[{"@type":"WebPage","@id":"https:\/\/www.itellence.com\/","url":"https:\/\/www.itellence.com\/","name":"Home - ITellence GmbH","isPartOf":{"@id":"https:\/\/www.itellence.com\/#website"},"primaryImageOfPage":{"@id":"https:\/\/www.itellence.com\/#primaryimage"},"image":{"@id":"https:\/\/www.itellence.com\/#primaryimage"},"thumbnailUrl":"https:\/\/www.itellence.com\/wp-content\/uploads\/2026\/01\/Homepage-Start-1024x585.png","datePublished":"2025-09-26T09:37:35+00:00","dateModified":"2026-01-22T10:11:02+00:00","breadcrumb":{"@id":"https:\/\/www.itellence.com\/#breadcrumb"},"inLanguage":"de","potentialAction":[{"@type":"ReadAction","target":["https:\/\/www.itellence.com\/"]}]},{"@type":"ImageObject","inLanguage":"de","@id":"https:\/\/www.itellence.com\/#primaryimage","url":"https:\/\/www.itellence.com\/wp-content\/uploads\/2026\/01\/Homepage-Start.png","contentUrl":"https:\/\/www.itellence.com\/wp-content\/uploads\/2026\/01\/Homepage-Start.png","width":1344,"height":768},{"@type":"BreadcrumbList","@id":"https:\/\/www.itellence.com\/#breadcrumb","itemListElement":[{"@type":"ListItem","position":1,"name":"Startseite","item":"https:\/\/www.itellence.com\/"},{"@type":"ListItem","position":2,"name":"Home"}]},{"@type":"WebSite","@id":"https:\/\/www.itellence.com\/#website","url":"https:\/\/www.itellence.com\/","name":"ITellence GmbH","description":"","publisher":{"@id":"https:\/\/www.itellence.com\/#organization"},"potentialAction":[{"@type":"SearchAction","target":{"@type":"EntryPoint","urlTemplate":"https:\/\/www.itellence.com\/?s={search_term_string}"},"query-input":{"@type":"PropertyValueSpecification","valueRequired":true,"valueName":"search_term_string"}}],"inLanguage":"de"},{"@type":"Organization","@id":"https:\/\/www.itellence.com\/#organization","name":"ITellence GmbH","url":"https:\/\/www.itellence.com\/","logo":{"@type":"ImageObject","inLanguage":"de","@id":"https:\/\/www.itellence.com\/#\/schema\/logo\/image\/","url":"https:\/\/www.itellence.com\/wp-content\/uploads\/2023\/06\/cropped-cropped-Logo-2019_transparent-2.png","contentUrl":"https:\/\/www.itellence.com\/wp-content\/uploads\/2023\/06\/cropped-cropped-Logo-2019_transparent-2.png","width":2297,"height":2157,"caption":"ITellence GmbH"},"image":{"@id":"https:\/\/www.itellence.com\/#\/schema\/logo\/image\/"}}]}},"_links":{"self":[{"href":"https:\/\/www.itellence.com\/index.php?rest_route=\/wp\/v2\/pages\/530","targetHints":{"allow":["GET"]}}],"collection":[{"href":"https:\/\/www.itellence.com\/index.php?rest_route=\/wp\/v2\/pages"}],"about":[{"href":"https:\/\/www.itellence.com\/index.php?rest_route=\/wp\/v2\/types\/page"}],"author":[{"embeddable":true,"href":"https:\/\/www.itellence.com\/index.php?rest_route=\/wp\/v2\/users\/1"}],"replies":[{"embeddable":true,"href":"https:\/\/www.itellence.com\/index.php?rest_route=%2Fwp%2Fv2%2Fcomments&post=530"}],"version-history":[{"count":87,"href":"https:\/\/www.itellence.com\/index.php?rest_route=\/wp\/v2\/pages\/530\/revisions"}],"predecessor-version":[{"id":649,"href":"https:\/\/www.itellence.com\/index.php?rest_route=\/wp\/v2\/pages\/530\/revisions\/649"}],"wp:attachment":[{"href":"https:\/\/www.itellence.com\/index.php?rest_route=%2Fwp%2Fv2%2Fmedia&parent=530"}],"curies":[{"name":"wp","href":"https:\/\/api.w.org\/{rel}","templated":true}]}}